{"id":1206,"date":"2016-02-12T12:42:52","date_gmt":"2016-02-12T12:42:52","guid":{"rendered":"http:\/\/demos.famethemes.com\/onepress-plus\/?page_id=1206"},"modified":"2025-02-08T22:12:15","modified_gmt":"2025-02-08T22:12:15","slug":"service-title-5","status":"publish","type":"page","link":"https:\/\/www.3erre.cl\/index.php\/service-title-5\/","title":{"rendered":""},"content":{"rendered":"\n<div class=\"wp-block-group\"><div class=\"wp-block-group__inner-container is-layout-constrained wp-block-group-is-layout-constrained\">\n<div class=\"wp-block-media-text is-stacked-on-mobile\" style=\"grid-template-columns:36% auto\"><figure class=\"wp-block-media-text__media\"><img loading=\"lazy\" decoding=\"async\" width=\"1024\" height=\"1022\" src=\"https:\/\/www.3erre.cl\/wp-content\/uploads\/2025\/02\/Captura-de-pantalla-2025-02-07-a-las-16.19.07-1-1024x1022.png\" alt=\"\" class=\"wp-image-1393 size-full\" srcset=\"https:\/\/www.3erre.cl\/wp-content\/uploads\/2025\/02\/Captura-de-pantalla-2025-02-07-a-las-16.19.07-1-1024x1022.png 1024w, https:\/\/www.3erre.cl\/wp-content\/uploads\/2025\/02\/Captura-de-pantalla-2025-02-07-a-las-16.19.07-1-300x300.png 300w, https:\/\/www.3erre.cl\/wp-content\/uploads\/2025\/02\/Captura-de-pantalla-2025-02-07-a-las-16.19.07-1-150x150.png 150w, https:\/\/www.3erre.cl\/wp-content\/uploads\/2025\/02\/Captura-de-pantalla-2025-02-07-a-las-16.19.07-1-768x767.png 768w, https:\/\/www.3erre.cl\/wp-content\/uploads\/2025\/02\/Captura-de-pantalla-2025-02-07-a-las-16.19.07-1.png 1222w\" sizes=\"auto, (max-width: 1024px) 100vw, 1024px\" \/><\/figure><div class=\"wp-block-media-text__content\">\n<p class=\"has-large-font-size\"><strong>RESTAURA<\/strong><\/p>\n\n\n\n<p class=\"has-medium-font-size\">Complemento pensado para apoyar tus necesidades diarias con una f\u00f3rmula que re\u00fane ingredientes conocidos por su papel clave en el cuidado y regeneraci\u00f3n de los tejidos.<\/p>\n<\/div><\/div>\n<\/div><\/div>\n\n\n\n<p><\/p>\n","protected":false},"excerpt":{"rendered":"<p>Morbi in sem quis dui placerat ornare. Pellentesque odio nisi euismod in pharetra a ultricies.<\/p>\n","protected":false},"author":2,"featured_media":0,"parent":0,"menu_order":0,"comment_status":"closed","ping_status":"closed","template":"","meta":{"footnotes":""},"class_list":["post-1206","page","type-page","status-publish","hentry"],"_links":{"self":[{"href":"https:\/\/www.3erre.cl\/index.php\/wp-json\/wp\/v2\/pages\/1206","targetHints":{"allow":["GET"]}}],"collection":[{"href":"https:\/\/www.3erre.cl\/index.php\/wp-json\/wp\/v2\/pages"}],"about":[{"href":"https:\/\/www.3erre.cl\/index.php\/wp-json\/wp\/v2\/types\/page"}],"author":[{"embeddable":true,"href":"https:\/\/www.3erre.cl\/index.php\/wp-json\/wp\/v2\/users\/2"}],"replies":[{"embeddable":true,"href":"https:\/\/www.3erre.cl\/index.php\/wp-json\/wp\/v2\/comments?post=1206"}],"version-history":[{"count":4,"href":"https:\/\/www.3erre.cl\/index.php\/wp-json\/wp\/v2\/pages\/1206\/revisions"}],"predecessor-version":[{"id":1441,"href":"https:\/\/www.3erre.cl\/index.php\/wp-json\/wp\/v2\/pages\/1206\/revisions\/1441"}],"wp:attachment":[{"href":"https:\/\/www.3erre.cl\/index.php\/wp-json\/wp\/v2\/media?parent=1206"}],"curies":[{"name":"wp","href":"https:\/\/api.w.org\/{rel}","templated":true}]}}