{"id":24,"date":"2016-02-12T08:13:06","date_gmt":"2016-02-12T08:13:06","guid":{"rendered":"http:\/\/demos.famethemes.com\/onepress-plus\/?page_id=24"},"modified":"2025-02-07T19:30:30","modified_gmt":"2025-02-07T19:30:30","slug":"service-title-2","status":"publish","type":"page","link":"https:\/\/www.3erre.cl\/index.php\/service-title-2\/","title":{"rendered":""},"content":{"rendered":"\n<div class=\"wp-block-media-text is-stacked-on-mobile\" style=\"grid-template-columns:36% auto\"><figure class=\"wp-block-media-text__media\"><img loading=\"lazy\" decoding=\"async\" width=\"1024\" height=\"1021\" src=\"https:\/\/www.3erre.cl\/wp-content\/uploads\/2025\/02\/Captura-de-pantalla-2025-02-07-a-las-16.15.10-1024x1021.png\" alt=\"\" class=\"wp-image-1382 size-full\" srcset=\"https:\/\/www.3erre.cl\/wp-content\/uploads\/2025\/02\/Captura-de-pantalla-2025-02-07-a-las-16.15.10-1024x1021.png 1024w, https:\/\/www.3erre.cl\/wp-content\/uploads\/2025\/02\/Captura-de-pantalla-2025-02-07-a-las-16.15.10-300x300.png 300w, https:\/\/www.3erre.cl\/wp-content\/uploads\/2025\/02\/Captura-de-pantalla-2025-02-07-a-las-16.15.10-150x150.png 150w, https:\/\/www.3erre.cl\/wp-content\/uploads\/2025\/02\/Captura-de-pantalla-2025-02-07-a-las-16.15.10-768x765.png 768w, https:\/\/www.3erre.cl\/wp-content\/uploads\/2025\/02\/Captura-de-pantalla-2025-02-07-a-las-16.15.10.png 1172w\" sizes=\"auto, (max-width: 1024px) 100vw, 1024px\" \/><\/figure><div class=\"wp-block-media-text__content\">\n<p class=\"has-large-font-size\"><strong>GOLDEN MAQUI<\/strong><\/p>\n\n\n\n<p class=\"has-medium-font-size\">Explora una mezcla \u00fanica con Golden Maqui, una f\u00f3rmula rica en ingredientes de origen natural que ofrecen antioxidantes y nutrientes para complementar tu nutrici\u00f3n diaria y un enfoque equilibrado.<\/p>\n<\/div><\/div>\n\n\n\n<p><\/p>\n","protected":false},"excerpt":{"rendered":"<p>Morbi in sem quis dui placerat ornare. Pellentesque odio nisi euismod in pharetra a ultricies.<\/p>\n","protected":false},"author":2,"featured_media":0,"parent":0,"menu_order":0,"comment_status":"closed","ping_status":"closed","template":"","meta":{"footnotes":""},"class_list":["post-24","page","type-page","status-publish","hentry"],"_links":{"self":[{"href":"https:\/\/www.3erre.cl\/index.php\/wp-json\/wp\/v2\/pages\/24","targetHints":{"allow":["GET"]}}],"collection":[{"href":"https:\/\/www.3erre.cl\/index.php\/wp-json\/wp\/v2\/pages"}],"about":[{"href":"https:\/\/www.3erre.cl\/index.php\/wp-json\/wp\/v2\/types\/page"}],"author":[{"embeddable":true,"href":"https:\/\/www.3erre.cl\/index.php\/wp-json\/wp\/v2\/users\/2"}],"replies":[{"embeddable":true,"href":"https:\/\/www.3erre.cl\/index.php\/wp-json\/wp\/v2\/comments?post=24"}],"version-history":[{"count":4,"href":"https:\/\/www.3erre.cl\/index.php\/wp-json\/wp\/v2\/pages\/24\/revisions"}],"predecessor-version":[{"id":1403,"href":"https:\/\/www.3erre.cl\/index.php\/wp-json\/wp\/v2\/pages\/24\/revisions\/1403"}],"wp:attachment":[{"href":"https:\/\/www.3erre.cl\/index.php\/wp-json\/wp\/v2\/media?parent=24"}],"curies":[{"name":"wp","href":"https:\/\/api.w.org\/{rel}","templated":true}]}}