{"id":26,"date":"2016-02-12T08:13:33","date_gmt":"2016-02-12T08:13:33","guid":{"rendered":"http:\/\/demos.famethemes.com\/onepress-plus\/?page_id=26"},"modified":"2025-02-07T19:27:17","modified_gmt":"2025-02-07T19:27:17","slug":"service-title-4","status":"publish","type":"page","link":"https:\/\/www.3erre.cl\/index.php\/service-title-4\/","title":{"rendered":""},"content":{"rendered":"\n<div class=\"wp-block-media-text is-stacked-on-mobile\" style=\"grid-template-columns:36% auto\"><figure class=\"wp-block-media-text__media\"><img loading=\"lazy\" decoding=\"async\" width=\"1024\" height=\"1019\" src=\"https:\/\/www.3erre.cl\/wp-content\/uploads\/2025\/02\/Captura-de-pantalla-2025-02-07-a-las-16.19.01-1-1024x1019.png\" alt=\"\" class=\"wp-image-1390 size-full\" srcset=\"https:\/\/www.3erre.cl\/wp-content\/uploads\/2025\/02\/Captura-de-pantalla-2025-02-07-a-las-16.19.01-1-1024x1019.png 1024w, https:\/\/www.3erre.cl\/wp-content\/uploads\/2025\/02\/Captura-de-pantalla-2025-02-07-a-las-16.19.01-1-300x298.png 300w, https:\/\/www.3erre.cl\/wp-content\/uploads\/2025\/02\/Captura-de-pantalla-2025-02-07-a-las-16.19.01-1-150x150.png 150w, https:\/\/www.3erre.cl\/wp-content\/uploads\/2025\/02\/Captura-de-pantalla-2025-02-07-a-las-16.19.01-1-768x764.png 768w, https:\/\/www.3erre.cl\/wp-content\/uploads\/2025\/02\/Captura-de-pantalla-2025-02-07-a-las-16.19.01-1.png 1198w\" sizes=\"auto, (max-width: 1024px) 100vw, 1024px\" \/><\/figure><div class=\"wp-block-media-text__content\">\n<p class=\"has-large-font-size\"><strong>DESCONECTA<\/strong><\/p>\n\n\n\n<p class=\"has-medium-font-size\">Combina nutrientes que favorecen funciones esenciales relacionadas con el equilibrio del cuerpo. Su mezcla \u00fanica de tript\u00f3fano, magnesio y vitaminas est\u00e1 cuidadosamente seleccionada para quienes buscan una pausa en su d\u00eda.<\/p>\n<\/div><\/div>\n\n\n\n<p><\/p>\n","protected":false},"excerpt":{"rendered":"<p>Morbi in sem quis dui placerat ornare. Pellentesque odio nisi euismod in pharetra a ultricies.<\/p>\n","protected":false},"author":2,"featured_media":0,"parent":0,"menu_order":0,"comment_status":"closed","ping_status":"closed","template":"","meta":{"footnotes":""},"class_list":["post-26","page","type-page","status-publish","hentry"],"_links":{"self":[{"href":"https:\/\/www.3erre.cl\/index.php\/wp-json\/wp\/v2\/pages\/26","targetHints":{"allow":["GET"]}}],"collection":[{"href":"https:\/\/www.3erre.cl\/index.php\/wp-json\/wp\/v2\/pages"}],"about":[{"href":"https:\/\/www.3erre.cl\/index.php\/wp-json\/wp\/v2\/types\/page"}],"author":[{"embeddable":true,"href":"https:\/\/www.3erre.cl\/index.php\/wp-json\/wp\/v2\/users\/2"}],"replies":[{"embeddable":true,"href":"https:\/\/www.3erre.cl\/index.php\/wp-json\/wp\/v2\/comments?post=26"}],"version-history":[{"count":2,"href":"https:\/\/www.3erre.cl\/index.php\/wp-json\/wp\/v2\/pages\/26\/revisions"}],"predecessor-version":[{"id":1399,"href":"https:\/\/www.3erre.cl\/index.php\/wp-json\/wp\/v2\/pages\/26\/revisions\/1399"}],"wp:attachment":[{"href":"https:\/\/www.3erre.cl\/index.php\/wp-json\/wp\/v2\/media?parent=26"}],"curies":[{"name":"wp","href":"https:\/\/api.w.org\/{rel}","templated":true}]}}